{"id":11,"date":"2024-10-23T16:11:15","date_gmt":"2024-10-23T14:11:15","guid":{"rendered":"https:\/\/www.lions-egna-neumarkt.it\/?page_id=11"},"modified":"2026-01-11T21:43:20","modified_gmt":"2026-01-11T20:43:20","slug":"we-serve","status":"publish","type":"page","link":"https:\/\/www.lions-egna-neumarkt.it\/it\/we-serve\/","title":{"rendered":"We Serve"},"content":{"rendered":"<div class=\"wp-block-group alignfull has-raft-accent-secondary-background-color has-background is-layout-constrained wp-container-core-group-is-layout-1 wp-block-group-is-layout-constrained\" style=\"margin-top:0;margin-bottom:0;padding-top:var(--wp--preset--spacing--80);padding-right:var(--wp--preset--spacing--40);padding-bottom:var(--wp--preset--spacing--80);padding-left:var(--wp--preset--spacing--40)\">\n<h1 class=\"wp-block-heading alignwide has-text-align-center has-raft-accent-color has-text-color has-link-color wp-elements-0dbde767817827fdf9c090171a15a2d5\">We Serve<\/h1>\n<\/div>\n\n\n\n<div class=\"wp-block-columns are-vertically-aligned-center is-layout-flex wp-container-core-columns-is-layout-1 wp-block-columns-is-layout-flex\" style=\"border-width:1px;border-radius:50px\">\n<div class=\"wp-block-column is-vertically-aligned-center is-layout-flow wp-block-column-is-layout-flow\" style=\"padding-top:32px;padding-right:32px;padding-bottom:32px;padding-left:32px\">\n<div class=\"wp-block-group is-layout-constrained wp-container-core-group-is-layout-2 wp-block-group-is-layout-constrained\">\n<h2 class=\"wp-block-heading\">Programma annuale<\/h2>\n\n\n\n<figure data-wp-context=\"{&quot;uploadedSrc&quot;:&quot;https:\\\/\\\/www.lions-egna-neumarkt.it\\\/wp-content\\\/uploads\\\/2026\\\/01\\\/Programm_2025-2026_WEB-scaled.jpg&quot;,&quot;figureClassNames&quot;:&quot;wp-block-image size-large is-style-default&quot;,&quot;figureStyles&quot;:null,&quot;imgClassNames&quot;:&quot;wp-image-466&quot;,&quot;imgStyles&quot;:null,&quot;targetWidth&quot;:2560,&quot;targetHeight&quot;:1810,&quot;scaleAttr&quot;:false,&quot;ariaLabel&quot;:&quot;Ingrandisci l\\u2019immagine&quot;,&quot;alt&quot;:&quot;&quot;}\" data-wp-interactive=\"core\/image\" class=\"wp-block-image size-large is-style-default wp-lightbox-container\"><img loading=\"lazy\" decoding=\"async\" width=\"1024\" height=\"724\" data-wp-init=\"callbacks.setButtonStyles\" data-wp-on-async--click=\"actions.showLightbox\" data-wp-on-async--load=\"callbacks.setButtonStyles\" data-wp-on-async-window--resize=\"callbacks.setButtonStyles\" src=\"https:\/\/www.lions-egna-neumarkt.it\/wp-content\/uploads\/2026\/01\/Programm_2025-2026_WEB-1024x724.jpg\" alt=\"\" class=\"wp-image-466\" srcset=\"https:\/\/www.lions-egna-neumarkt.it\/wp-content\/uploads\/2026\/01\/Programm_2025-2026_WEB-1024x724.jpg 1024w, https:\/\/www.lions-egna-neumarkt.it\/wp-content\/uploads\/2026\/01\/Programm_2025-2026_WEB-300x212.jpg 300w, https:\/\/www.lions-egna-neumarkt.it\/wp-content\/uploads\/2026\/01\/Programm_2025-2026_WEB-768x543.jpg 768w, https:\/\/www.lions-egna-neumarkt.it\/wp-content\/uploads\/2026\/01\/Programm_2025-2026_WEB-1536x1086.jpg 1536w, https:\/\/www.lions-egna-neumarkt.it\/wp-content\/uploads\/2026\/01\/Programm_2025-2026_WEB-2048x1448.jpg 2048w, https:\/\/www.lions-egna-neumarkt.it\/wp-content\/uploads\/2026\/01\/Programm_2025-2026_WEB-18x12.jpg 18w\" sizes=\"(max-width: 1024px) 100vw, 1024px\" \/><button\n\t\t\tclass=\"lightbox-trigger\"\n\t\t\ttype=\"button\"\n\t\t\taria-haspopup=\"dialog\"\n\t\t\taria-label=\"Ingrandisci l\u2019immagine\"\n\t\t\tdata-wp-init=\"callbacks.initTriggerButton\"\n\t\t\tdata-wp-on-async--click=\"actions.showLightbox\"\n\t\t\tdata-wp-style--right=\"context.imageButtonRight\"\n\t\t\tdata-wp-style--top=\"context.imageButtonTop\"\n\t\t>\n\t\t\t<svg xmlns=\"http:\/\/www.w3.org\/2000\/svg\" width=\"12\" height=\"12\" fill=\"none\" viewbox=\"0 0 12 12\">\n\t\t\t\t<path fill=\"#fff\" d=\"M2 0a2 2 0 0 0-2 2v2h1.5V2a.5.5 0 0 1 .5-.5h2V0H2Zm2 10.5H2a.5.5 0 0 1-.5-.5V8H0v2a2 2 0 0 0 2 2h2v-1.5ZM8 12v-1.5h2a.5.5 0 0 0 .5-.5V8H12v2a2 2 0 0 1-2 2H8Zm2-12a2 2 0 0 1 2 2v2h-1.5V2a.5.5 0 0 0-.5-.5H8V0h2Z\" \/>\n\t\t\t<\/svg>\n\t\t<\/button><\/figure>\n\n\n\n<p>In allegato il programma per il 2025\/2026 in formato PDF da scaricare.<\/p>\n\n\n\n<div class=\"wp-block-buttons is-content-justification-center is-layout-flex wp-container-core-buttons-is-layout-1 wp-block-buttons-is-layout-flex\">\n<div class=\"wp-block-button is-style-primary\"><a class=\"wp-block-button__link has-raft-accent-color has-raft-accent-secondary-background-color has-text-color has-background has-link-color wp-element-button\" href=\"https:\/\/www.lions-egna-neumarkt.it\/wp-content\/uploads\/2025\/08\/Programm_2025-2026_WEB.pdf.pdf\" target=\"_blank\" rel=\"noreferrer noopener nofollow\">Download il PDF<\/a><\/div>\n<\/div>\n<\/div>\n<\/div>\n\n\n\n<div class=\"wp-block-column is-vertically-aligned-center has-raft-bg-alt-background-color has-background is-layout-flow wp-block-column-is-layout-flow\" style=\"padding-top:32px;padding-right:32px;padding-bottom:32px;padding-left:32px\">\n<figure class=\"wp-block-image aligncenter size-full\"><img loading=\"lazy\" decoding=\"async\" width=\"369\" height=\"473\" src=\"https:\/\/www.lions-egna-neumarkt.it\/wp-content\/uploads\/2025\/08\/Jahresprogramm-25-26.png\" alt=\"\" class=\"wp-image-421\" srcset=\"https:\/\/www.lions-egna-neumarkt.it\/wp-content\/uploads\/2025\/08\/Jahresprogramm-25-26.png 369w, https:\/\/www.lions-egna-neumarkt.it\/wp-content\/uploads\/2025\/08\/Jahresprogramm-25-26-234x300.png 234w, https:\/\/www.lions-egna-neumarkt.it\/wp-content\/uploads\/2025\/08\/Jahresprogramm-25-26-9x12.png 9w\" sizes=\"(max-width: 369px) 100vw, 369px\" \/><\/figure>\n<\/div>\n<\/div>\n\n\n\n<div class=\"wp-block-columns are-vertically-aligned-center is-layout-flex wp-container-core-columns-is-layout-2 wp-block-columns-is-layout-flex\" id=\"Weihnachten\" style=\"border-width:1px;border-radius:50px\">\n<div class=\"wp-block-column is-vertically-aligned-center has-raft-bg-alt-background-color has-background is-layout-flow wp-block-column-is-layout-flow\" style=\"padding-top:32px;padding-right:32px;padding-bottom:32px;padding-left:32px\">\n<figure data-wp-context=\"{&quot;uploadedSrc&quot;:&quot;https:\\\/\\\/www.lions-egna-neumarkt.it\\\/wp-content\\\/uploads\\\/2025\\\/12\\\/IMG_0094-scaled.jpeg&quot;,&quot;figureClassNames&quot;:&quot;wp-block-image aligncenter size-full is-resized&quot;,&quot;figureStyles&quot;:null,&quot;imgClassNames&quot;:&quot;wp-image-455&quot;,&quot;imgStyles&quot;:&quot;width:374px;height:auto&quot;,&quot;targetWidth&quot;:1810,&quot;targetHeight&quot;:2560,&quot;scaleAttr&quot;:false,&quot;ariaLabel&quot;:&quot;Ingrandisci l\\u2019immagine&quot;,&quot;alt&quot;:&quot;&quot;}\" data-wp-interactive=\"core\/image\" class=\"wp-block-image aligncenter size-full is-resized wp-lightbox-container\"><img loading=\"lazy\" decoding=\"async\" width=\"1810\" height=\"2560\" data-wp-init=\"callbacks.setButtonStyles\" data-wp-on-async--click=\"actions.showLightbox\" data-wp-on-async--load=\"callbacks.setButtonStyles\" data-wp-on-async-window--resize=\"callbacks.setButtonStyles\" src=\"https:\/\/www.lions-egna-neumarkt.it\/wp-content\/uploads\/2025\/12\/IMG_0094-scaled.jpeg\" alt=\"\" class=\"wp-image-455\" style=\"width:374px;height:auto\" srcset=\"https:\/\/www.lions-egna-neumarkt.it\/wp-content\/uploads\/2025\/12\/IMG_0094-scaled.jpeg 1810w, https:\/\/www.lions-egna-neumarkt.it\/wp-content\/uploads\/2025\/12\/IMG_0094-212x300.jpeg 212w, https:\/\/www.lions-egna-neumarkt.it\/wp-content\/uploads\/2025\/12\/IMG_0094-724x1024.jpeg 724w, https:\/\/www.lions-egna-neumarkt.it\/wp-content\/uploads\/2025\/12\/IMG_0094-768x1086.jpeg 768w, https:\/\/www.lions-egna-neumarkt.it\/wp-content\/uploads\/2025\/12\/IMG_0094-1086x1536.jpeg 1086w, https:\/\/www.lions-egna-neumarkt.it\/wp-content\/uploads\/2025\/12\/IMG_0094-1448x2048.jpeg 1448w, https:\/\/www.lions-egna-neumarkt.it\/wp-content\/uploads\/2025\/12\/IMG_0094-8x12.jpeg 8w\" sizes=\"(max-width: 1810px) 100vw, 1810px\" \/><button\n\t\t\tclass=\"lightbox-trigger\"\n\t\t\ttype=\"button\"\n\t\t\taria-haspopup=\"dialog\"\n\t\t\taria-label=\"Ingrandisci l\u2019immagine\"\n\t\t\tdata-wp-init=\"callbacks.initTriggerButton\"\n\t\t\tdata-wp-on-async--click=\"actions.showLightbox\"\n\t\t\tdata-wp-style--right=\"context.imageButtonRight\"\n\t\t\tdata-wp-style--top=\"context.imageButtonTop\"\n\t\t>\n\t\t\t<svg xmlns=\"http:\/\/www.w3.org\/2000\/svg\" width=\"12\" height=\"12\" fill=\"none\" viewbox=\"0 0 12 12\">\n\t\t\t\t<path fill=\"#fff\" d=\"M2 0a2 2 0 0 0-2 2v2h1.5V2a.5.5 0 0 1 .5-.5h2V0H2Zm2 10.5H2a.5.5 0 0 1-.5-.5V8H0v2a2 2 0 0 0 2 2h2v-1.5ZM8 12v-1.5h2a.5.5 0 0 0 .5-.5V8H12v2a2 2 0 0 1-2 2H8Zm2-12a2 2 0 0 1 2 2v2h-1.5V2a.5.5 0 0 0-.5-.5H8V0h2Z\" \/>\n\t\t\t<\/svg>\n\t\t<\/button><\/figure>\n<\/div>\n\n\n\n<div class=\"wp-block-column is-vertically-aligned-center is-layout-flow wp-block-column-is-layout-flow\" style=\"padding-top:32px;padding-right:32px;padding-bottom:32px;padding-left:32px\">\n<div class=\"wp-block-group is-layout-constrained wp-container-core-group-is-layout-3 wp-block-group-is-layout-constrained\">\n<h2 class=\"wp-block-heading\" id=\"Weihnachtsmarkt\">Mercatino natalizio<\/h2>\n\n\n\n<p>Il nostro tradizionale mercatino di Natale sotto i portici di Egna. Nell\u2019atmosfera suggestiva del cortile interno di Palazzo \u201cZenobio Albrizzi \u2013 Steinerhaus\u201d offriamo delizie culinarie e ottime bevande. Un contesto festoso per vivere la magia del Natale e, allo stesso tempo, sostenere progetti di valore.<\/p>\n\n\n\n<div class=\"wp-block-buttons is-layout-flex wp-block-buttons-is-layout-flex\">\n<div class=\"wp-block-button is-style-primary\"><a class=\"wp-block-button__link has-raft-accent-secondary-color has-text-color has-link-color wp-element-button\" href=\"https:\/\/www.lions-egna-neumarkt.it\/it\/eindruecke\/#ref-weihnachten2025\">Impressioni<\/a><\/div>\n<\/div>\n<\/div>\n<\/div>\n<\/div>\n\n\n\n<div class=\"wp-block-columns are-vertically-aligned-center is-layout-flex wp-container-core-columns-is-layout-3 wp-block-columns-is-layout-flex\" style=\"border-width:1px;border-radius:50px\">\n<div class=\"wp-block-column is-vertically-aligned-center is-layout-flow wp-block-column-is-layout-flow\" style=\"padding-top:32px;padding-right:32px;padding-bottom:32px;padding-left:32px\">\n<div class=\"wp-block-group is-layout-constrained wp-container-core-group-is-layout-4 wp-block-group-is-layout-constrained\">\n<h2 class=\"wp-block-heading\">Aperitivo Lungo<\/h2>\n\n\n\n<p>Ogni anno, in location suggestive e prestigiose, organizziamo il nostro tradizionale Aperitivo Lungo di beneficenza.<br><\/p>\n\n\n\n<p>Un\u2019occasione conviviale per trascorrere una piacevole serata primaverile, accompagnata da musica dal vivo, specialit\u00e0 gastronomiche e un impegno concreto a favore della solidariet\u00e0.<\/p>\n\n\n\n<div class=\"wp-block-buttons is-layout-flex wp-block-buttons-is-layout-flex\">\n<div class=\"wp-block-button is-style-primary\"><a class=\"wp-block-button__link has-raft-accent-color has-raft-accent-secondary-background-color has-text-color has-background has-link-color wp-element-button\" href=\"https:\/\/www.lions-egna-neumarkt.it\/it\/eindruecke\/#ref-aperitivo2024\">Impressioni<\/a><\/div>\n<\/div>\n<\/div>\n<\/div>\n\n\n\n<div class=\"wp-block-column is-vertically-aligned-center has-raft-bg-alt-background-color has-background is-layout-flow wp-block-column-is-layout-flow\" style=\"padding-top:32px;padding-right:32px;padding-bottom:32px;padding-left:32px\">\n<figure class=\"wp-block-image aligncenter size-full is-resized\"><img loading=\"lazy\" decoding=\"async\" width=\"1200\" height=\"1600\" src=\"https:\/\/www.lions-egna-neumarkt.it\/wp-content\/uploads\/2024\/10\/WhatsApp-Image-2024-05-25-at-11.37.14.jpeg\" alt=\"\" class=\"wp-image-145\" style=\"width:404px;height:auto\" srcset=\"https:\/\/www.lions-egna-neumarkt.it\/wp-content\/uploads\/2024\/10\/WhatsApp-Image-2024-05-25-at-11.37.14.jpeg 1200w, https:\/\/www.lions-egna-neumarkt.it\/wp-content\/uploads\/2024\/10\/WhatsApp-Image-2024-05-25-at-11.37.14-225x300.jpeg 225w, https:\/\/www.lions-egna-neumarkt.it\/wp-content\/uploads\/2024\/10\/WhatsApp-Image-2024-05-25-at-11.37.14-768x1024.jpeg 768w, https:\/\/www.lions-egna-neumarkt.it\/wp-content\/uploads\/2024\/10\/WhatsApp-Image-2024-05-25-at-11.37.14-1152x1536.jpeg 1152w\" sizes=\"(max-width: 1200px) 100vw, 1200px\" \/><\/figure>\n<\/div>\n<\/div>\n\n\n\n<div class=\"wp-block-columns are-vertically-aligned-center is-layout-flex wp-container-core-columns-is-layout-4 wp-block-columns-is-layout-flex\" style=\"border-width:1px;border-radius:50px\">\n<div class=\"wp-block-column is-vertically-aligned-center has-raft-bg-alt-background-color has-background is-layout-flow wp-block-column-is-layout-flow\" style=\"padding-top:32px;padding-right:32px;padding-bottom:32px;padding-left:32px\">\n<figure class=\"wp-block-image aligncenter size-full is-resized\"><img loading=\"lazy\" decoding=\"async\" width=\"1200\" height=\"1600\" src=\"https:\/\/www.lions-egna-neumarkt.it\/wp-content\/uploads\/2024\/10\/WhatsApp-Image-2023-10-13-at-15.18.11.jpeg\" alt=\"\" class=\"wp-image-146\" style=\"width:398px;height:auto\" srcset=\"https:\/\/www.lions-egna-neumarkt.it\/wp-content\/uploads\/2024\/10\/WhatsApp-Image-2023-10-13-at-15.18.11.jpeg 1200w, https:\/\/www.lions-egna-neumarkt.it\/wp-content\/uploads\/2024\/10\/WhatsApp-Image-2023-10-13-at-15.18.11-225x300.jpeg 225w, https:\/\/www.lions-egna-neumarkt.it\/wp-content\/uploads\/2024\/10\/WhatsApp-Image-2023-10-13-at-15.18.11-768x1024.jpeg 768w, https:\/\/www.lions-egna-neumarkt.it\/wp-content\/uploads\/2024\/10\/WhatsApp-Image-2023-10-13-at-15.18.11-1152x1536.jpeg 1152w\" sizes=\"(max-width: 1200px) 100vw, 1200px\" \/><\/figure>\n<\/div>\n\n\n\n<div class=\"wp-block-column is-vertically-aligned-center is-layout-flow wp-block-column-is-layout-flow\" style=\"padding-top:32px;padding-right:32px;padding-bottom:32px;padding-left:32px\">\n<div class=\"wp-block-group is-layout-constrained wp-container-core-group-is-layout-5 wp-block-group-is-layout-constrained\">\n<h2 class=\"wp-block-heading\">Altri servizi ed eventi?<\/h2>\n\n\n\n<p>Scopri di pi\u00f9 sui nostri service, eventi e attivit\u00e0.<\/p>\n\n\n\n<div class=\"wp-block-buttons is-layout-flex wp-block-buttons-is-layout-flex\">\n<div class=\"wp-block-button is-style-primary\"><a class=\"wp-block-button__link has-raft-accent-secondary-color has-text-color has-link-color wp-element-button\" href=\"https:\/\/www.lions-egna-neumarkt.it\/it\/eindruecke\/\">Impressioni<\/a><\/div>\n<\/div>\n<\/div>\n<\/div>\n<\/div>\n\n\n\n<p><\/p>","protected":false},"excerpt":{"rendered":"<p>We Serve Jahresprogramm Anbei das Programm f\u00fcr 2025\/2026 als PDF zum Download. Weihnachtsmarkt Unser traditioneller Weihnachtsmarkt unter den Lauben von Neumarkt. Im stimmungsvollen Innenhof des Palazzo \u201eZenobio Albrizzi \u2013 Steinerhaus\u201c bieten wir K\u00f6stlichkeiten f\u00fcr den Gaumen und hervorragende Getr\u00e4nke. Ein festlicher Rahmen, um Weihnachtsatmosph\u00e4re zu erleben und gleichzeitig wertvolle Projekte zu unterst\u00fctzen. Aperitivo Lungo Jedes [&hellip;]<\/p>","protected":false},"author":1,"featured_media":0,"parent":0,"menu_order":0,"comment_status":"closed","ping_status":"closed","template":"template-plain","meta":{"_themeisle_gutenberg_block_has_review":false,"footnotes":""},"class_list":["post-11","page","type-page","status-publish","hentry"],"_links":{"self":[{"href":"https:\/\/www.lions-egna-neumarkt.it\/it\/wp-json\/wp\/v2\/pages\/11"}],"collection":[{"href":"https:\/\/www.lions-egna-neumarkt.it\/it\/wp-json\/wp\/v2\/pages"}],"about":[{"href":"https:\/\/www.lions-egna-neumarkt.it\/it\/wp-json\/wp\/v2\/types\/page"}],"author":[{"embeddable":true,"href":"https:\/\/www.lions-egna-neumarkt.it\/it\/wp-json\/wp\/v2\/users\/1"}],"replies":[{"embeddable":true,"href":"https:\/\/www.lions-egna-neumarkt.it\/it\/wp-json\/wp\/v2\/comments?post=11"}],"version-history":[{"count":44,"href":"https:\/\/www.lions-egna-neumarkt.it\/it\/wp-json\/wp\/v2\/pages\/11\/revisions"}],"predecessor-version":[{"id":513,"href":"https:\/\/www.lions-egna-neumarkt.it\/it\/wp-json\/wp\/v2\/pages\/11\/revisions\/513"}],"wp:attachment":[{"href":"https:\/\/www.lions-egna-neumarkt.it\/it\/wp-json\/wp\/v2\/media?parent=11"}],"curies":[{"name":"wp","href":"https:\/\/api.w.org\/{rel}","templated":true}]}}