{"id":12,"date":"2024-10-23T16:11:15","date_gmt":"2024-10-23T14:11:15","guid":{"rendered":"https:\/\/www.lions-egna-neumarkt.it\/?page_id=12"},"modified":"2026-01-11T20:53:14","modified_gmt":"2026-01-11T19:53:14","slug":"ueber-uns","status":"publish","type":"page","link":"https:\/\/www.lions-egna-neumarkt.it\/it\/ueber-uns\/","title":{"rendered":"\u00dcber-Uns"},"content":{"rendered":"<div class=\"wp-block-group alignfull has-raft-bg-alt-background-color has-background is-layout-flow wp-block-group-is-layout-flow\" style=\"margin-top:0;margin-bottom:0;padding-top:var(--wp--preset--spacing--80);padding-right:var(--wp--preset--spacing--40);padding-bottom:var(--wp--preset--spacing--80);padding-left:var(--wp--preset--spacing--40)\">\n<div class=\"wp-block-cover is-light\"><span aria-hidden=\"true\" class=\"wp-block-cover__background has-background-dim-70 has-background-dim\" style=\"background-color:#e5e4e4\"><\/span><img loading=\"lazy\" decoding=\"async\" width=\"1920\" height=\"600\" class=\"wp-block-cover__image-background wp-image-141\" alt=\"\" src=\"https:\/\/www.lions-egna-neumarkt.it\/wp-content\/uploads\/2024\/10\/Lions-club-unterland-4.jpg\" data-object-fit=\"cover\" srcset=\"https:\/\/www.lions-egna-neumarkt.it\/wp-content\/uploads\/2024\/10\/Lions-club-unterland-4.jpg 1920w, https:\/\/www.lions-egna-neumarkt.it\/wp-content\/uploads\/2024\/10\/Lions-club-unterland-4-300x94.jpg 300w, https:\/\/www.lions-egna-neumarkt.it\/wp-content\/uploads\/2024\/10\/Lions-club-unterland-4-1024x320.jpg 1024w, https:\/\/www.lions-egna-neumarkt.it\/wp-content\/uploads\/2024\/10\/Lions-club-unterland-4-768x240.jpg 768w, https:\/\/www.lions-egna-neumarkt.it\/wp-content\/uploads\/2024\/10\/Lions-club-unterland-4-1536x480.jpg 1536w\" sizes=\"(max-width: 1920px) 100vw, 1920px\" \/><div class=\"wp-block-cover__inner-container is-layout-flow wp-block-cover-is-layout-flow\">\n<h1 class=\"wp-block-heading has-text-align-center has-raft-bg-color has-text-color has-link-color has-large-font-size wp-elements-ed30e4bfec35457ff2446f6bed924a92\">Chi siamo<\/h1>\n<\/div><\/div>\n<\/div>\n\n\n\n<div class=\"wp-block-group alignfull has-raft-bg-alt-background-color has-background is-content-justification-center is-layout-constrained wp-container-core-group-is-layout-2 wp-block-group-is-layout-constrained\" style=\"margin-top:0;margin-bottom:0;padding-top:var(--wp--preset--spacing--80);padding-right:var(--wp--preset--spacing--40);padding-bottom:var(--wp--preset--spacing--80);padding-left:var(--wp--preset--spacing--40)\">\n<h2 class=\"wp-block-heading alignwide has-text-align-center has-raft-accent-color has-raft-accent-secondary-background-color has-text-color has-background has-link-color wp-elements-ccc414d5033ab6eedb5b426999538438\">Direttivo<\/h2>\n\n\n\n<div class=\"wp-block-columns alignwide is-layout-flex wp-container-core-columns-is-layout-1 wp-block-columns-is-layout-flex\" style=\"margin-top:var(--wp--preset--spacing--30);margin-bottom:var(--wp--preset--spacing--30)\">\n<div class=\"wp-block-column is-layout-flow wp-container-core-column-is-layout-1 wp-block-column-is-layout-flow\">\n<figure class=\"wp-block-image aligncenter size-full\"><img loading=\"lazy\" decoding=\"async\" width=\"1199\" height=\"1796\" src=\"https:\/\/www.lions-egna-neumarkt.it\/wp-content\/uploads\/2025\/08\/a-DSC_8201-Kopie.jpg\" alt=\"\" class=\"wp-image-433\" srcset=\"https:\/\/www.lions-egna-neumarkt.it\/wp-content\/uploads\/2025\/08\/a-DSC_8201-Kopie.jpg 1199w, https:\/\/www.lions-egna-neumarkt.it\/wp-content\/uploads\/2025\/08\/a-DSC_8201-Kopie-200x300.jpg 200w, https:\/\/www.lions-egna-neumarkt.it\/wp-content\/uploads\/2025\/08\/a-DSC_8201-Kopie-684x1024.jpg 684w, https:\/\/www.lions-egna-neumarkt.it\/wp-content\/uploads\/2025\/08\/a-DSC_8201-Kopie-768x1150.jpg 768w, https:\/\/www.lions-egna-neumarkt.it\/wp-content\/uploads\/2025\/08\/a-DSC_8201-Kopie-1025x1536.jpg 1025w, https:\/\/www.lions-egna-neumarkt.it\/wp-content\/uploads\/2025\/08\/a-DSC_8201-Kopie-8x12.jpg 8w\" sizes=\"(max-width: 1199px) 100vw, 1199px\" \/><\/figure>\n\n\n\n<p class=\"has-text-align-center has-small-font-size\" style=\"font-style:normal;font-weight:600;text-transform:uppercase\">Presidente<\/p>\n\n\n\n<h3 class=\"wp-block-heading has-text-align-center\" style=\"margin-top:0;margin-right:0px;margin-bottom:0;margin-left:0px;padding-top:0px;padding-right:0px;padding-bottom:0px;padding-left:0px;font-size:22px\">Mayr Norbert<\/h3>\n<\/div>\n\n\n\n<div class=\"wp-block-column is-layout-flow wp-container-core-column-is-layout-2 wp-block-column-is-layout-flow\">\n<figure class=\"wp-block-image aligncenter size-full\"><img loading=\"lazy\" decoding=\"async\" width=\"1306\" height=\"1956\" src=\"https:\/\/www.lions-egna-neumarkt.it\/wp-content\/uploads\/2025\/08\/a-DSC_8417-Kopie.jpg\" alt=\"\" class=\"wp-image-438\" srcset=\"https:\/\/www.lions-egna-neumarkt.it\/wp-content\/uploads\/2025\/08\/a-DSC_8417-Kopie.jpg 1306w, https:\/\/www.lions-egna-neumarkt.it\/wp-content\/uploads\/2025\/08\/a-DSC_8417-Kopie-200x300.jpg 200w, https:\/\/www.lions-egna-neumarkt.it\/wp-content\/uploads\/2025\/08\/a-DSC_8417-Kopie-684x1024.jpg 684w, https:\/\/www.lions-egna-neumarkt.it\/wp-content\/uploads\/2025\/08\/a-DSC_8417-Kopie-768x1150.jpg 768w, https:\/\/www.lions-egna-neumarkt.it\/wp-content\/uploads\/2025\/08\/a-DSC_8417-Kopie-1026x1536.jpg 1026w, https:\/\/www.lions-egna-neumarkt.it\/wp-content\/uploads\/2025\/08\/a-DSC_8417-Kopie-8x12.jpg 8w\" sizes=\"(max-width: 1306px) 100vw, 1306px\" \/><\/figure>\n\n\n\n<p class=\"has-text-align-center has-small-font-size\" style=\"font-style:normal;font-weight:600;text-transform:uppercase\">Vice Presidente<\/p>\n\n\n\n<h3 class=\"wp-block-heading has-text-align-center\" style=\"margin-top:0;margin-right:0px;margin-bottom:0;margin-left:0px;padding-top:0px;padding-right:0px;padding-bottom:0px;padding-left:0px;font-size:22px\">Tsch\u00f6ll Thomas<\/h3>\n<\/div>\n\n\n\n<div class=\"wp-block-column is-layout-flow wp-container-core-column-is-layout-3 wp-block-column-is-layout-flow\">\n<figure class=\"wp-block-image aligncenter size-full\"><img loading=\"lazy\" decoding=\"async\" width=\"1071\" height=\"1604\" src=\"https:\/\/www.lions-egna-neumarkt.it\/wp-content\/uploads\/2025\/08\/a-DSC_8463-Kopie.jpg\" alt=\"\" class=\"wp-image-439\" srcset=\"https:\/\/www.lions-egna-neumarkt.it\/wp-content\/uploads\/2025\/08\/a-DSC_8463-Kopie.jpg 1071w, https:\/\/www.lions-egna-neumarkt.it\/wp-content\/uploads\/2025\/08\/a-DSC_8463-Kopie-200x300.jpg 200w, https:\/\/www.lions-egna-neumarkt.it\/wp-content\/uploads\/2025\/08\/a-DSC_8463-Kopie-684x1024.jpg 684w, https:\/\/www.lions-egna-neumarkt.it\/wp-content\/uploads\/2025\/08\/a-DSC_8463-Kopie-768x1150.jpg 768w, https:\/\/www.lions-egna-neumarkt.it\/wp-content\/uploads\/2025\/08\/a-DSC_8463-Kopie-1026x1536.jpg 1026w, https:\/\/www.lions-egna-neumarkt.it\/wp-content\/uploads\/2025\/08\/a-DSC_8463-Kopie-8x12.jpg 8w\" sizes=\"(max-width: 1071px) 100vw, 1071px\" \/><\/figure>\n\n\n\n<p class=\"has-text-align-center has-small-font-size\" style=\"font-style:normal;font-weight:600;text-transform:uppercase\">2. Vizepr\u00e4sident<\/p>\n\n\n\n<h3 class=\"wp-block-heading has-text-align-center\" style=\"margin-top:0;margin-right:0px;margin-bottom:0;margin-left:0px;padding-top:0px;padding-right:0px;padding-bottom:0px;padding-left:0px;font-size:22px\">Cozza Vincenzo<\/h3>\n<\/div>\n<\/div>\n\n\n\n<div class=\"wp-block-columns alignwide is-layout-flex wp-container-core-columns-is-layout-2 wp-block-columns-is-layout-flex\" style=\"margin-top:var(--wp--preset--spacing--30);margin-bottom:var(--wp--preset--spacing--30)\">\n<div class=\"wp-block-column is-layout-flow wp-container-core-column-is-layout-4 wp-block-column-is-layout-flow\">\n<figure class=\"wp-block-image aligncenter size-full\"><img loading=\"lazy\" decoding=\"async\" width=\"1244\" height=\"1864\" src=\"https:\/\/www.lions-egna-neumarkt.it\/wp-content\/uploads\/2025\/08\/a-DSC_8125-Kopie.jpg\" alt=\"\" class=\"wp-image-429\" srcset=\"https:\/\/www.lions-egna-neumarkt.it\/wp-content\/uploads\/2025\/08\/a-DSC_8125-Kopie.jpg 1244w, https:\/\/www.lions-egna-neumarkt.it\/wp-content\/uploads\/2025\/08\/a-DSC_8125-Kopie-200x300.jpg 200w, https:\/\/www.lions-egna-neumarkt.it\/wp-content\/uploads\/2025\/08\/a-DSC_8125-Kopie-683x1024.jpg 683w, https:\/\/www.lions-egna-neumarkt.it\/wp-content\/uploads\/2025\/08\/a-DSC_8125-Kopie-768x1151.jpg 768w, https:\/\/www.lions-egna-neumarkt.it\/wp-content\/uploads\/2025\/08\/a-DSC_8125-Kopie-1025x1536.jpg 1025w, https:\/\/www.lions-egna-neumarkt.it\/wp-content\/uploads\/2025\/08\/a-DSC_8125-Kopie-8x12.jpg 8w\" sizes=\"(max-width: 1244px) 100vw, 1244px\" \/><\/figure>\n\n\n\n<p class=\"has-text-align-center has-small-font-size\" style=\"font-style:normal;font-weight:600;text-transform:uppercase\">Past Pr\u00e4sident \/ CluBMASTER<\/p>\n\n\n\n<h3 class=\"wp-block-heading has-text-align-center\" style=\"margin-top:0;margin-right:0px;margin-bottom:0;margin-left:0px;padding-top:0px;padding-right:0px;padding-bottom:0px;padding-left:0px;font-size:22px\">Volgger Reinhart <\/h3>\n<\/div>\n\n\n\n<div class=\"wp-block-column is-layout-flow wp-container-core-column-is-layout-5 wp-block-column-is-layout-flow\">\n<figure class=\"wp-block-image aligncenter size-full\"><img loading=\"lazy\" decoding=\"async\" width=\"1096\" height=\"1642\" src=\"https:\/\/www.lions-egna-neumarkt.it\/wp-content\/uploads\/2025\/08\/a-DSC_8180-Kopie.jpg\" alt=\"\" class=\"wp-image-432\" srcset=\"https:\/\/www.lions-egna-neumarkt.it\/wp-content\/uploads\/2025\/08\/a-DSC_8180-Kopie.jpg 1096w, https:\/\/www.lions-egna-neumarkt.it\/wp-content\/uploads\/2025\/08\/a-DSC_8180-Kopie-200x300.jpg 200w, https:\/\/www.lions-egna-neumarkt.it\/wp-content\/uploads\/2025\/08\/a-DSC_8180-Kopie-683x1024.jpg 683w, https:\/\/www.lions-egna-neumarkt.it\/wp-content\/uploads\/2025\/08\/a-DSC_8180-Kopie-768x1151.jpg 768w, https:\/\/www.lions-egna-neumarkt.it\/wp-content\/uploads\/2025\/08\/a-DSC_8180-Kopie-1025x1536.jpg 1025w, https:\/\/www.lions-egna-neumarkt.it\/wp-content\/uploads\/2025\/08\/a-DSC_8180-Kopie-8x12.jpg 8w\" sizes=\"(max-width: 1096px) 100vw, 1096px\" \/><\/figure>\n\n\n\n<p class=\"has-text-align-center has-small-font-size\" style=\"font-style:normal;font-weight:600;text-transform:uppercase\">Segretario\/a<\/p>\n\n\n\n<h3 class=\"wp-block-heading has-text-align-center\" style=\"margin-top:0;margin-right:0px;margin-bottom:0;margin-left:0px;padding-top:0px;padding-right:0px;padding-bottom:0px;padding-left:0px;font-size:22px\">Delvai Hilber Monika<\/h3>\n<\/div>\n\n\n\n<div class=\"wp-block-column is-layout-flow wp-container-core-column-is-layout-6 wp-block-column-is-layout-flow\">\n<figure class=\"wp-block-image aligncenter size-full\"><img loading=\"lazy\" decoding=\"async\" width=\"902\" height=\"1351\" src=\"https:\/\/www.lions-egna-neumarkt.it\/wp-content\/uploads\/2025\/08\/a-DSC_8212-Kopie.jpg\" alt=\"\" class=\"wp-image-434\" srcset=\"https:\/\/www.lions-egna-neumarkt.it\/wp-content\/uploads\/2025\/08\/a-DSC_8212-Kopie.jpg 902w, https:\/\/www.lions-egna-neumarkt.it\/wp-content\/uploads\/2025\/08\/a-DSC_8212-Kopie-200x300.jpg 200w, https:\/\/www.lions-egna-neumarkt.it\/wp-content\/uploads\/2025\/08\/a-DSC_8212-Kopie-684x1024.jpg 684w, https:\/\/www.lions-egna-neumarkt.it\/wp-content\/uploads\/2025\/08\/a-DSC_8212-Kopie-768x1150.jpg 768w, https:\/\/www.lions-egna-neumarkt.it\/wp-content\/uploads\/2025\/08\/a-DSC_8212-Kopie-8x12.jpg 8w\" sizes=\"(max-width: 902px) 100vw, 902px\" \/><\/figure>\n\n\n\n<p class=\"has-text-align-center has-small-font-size\" style=\"font-style:normal;font-weight:600;text-transform:uppercase\">Tesoriere<\/p>\n\n\n\n<h3 class=\"wp-block-heading has-text-align-center\" style=\"margin-top:0;margin-right:0px;margin-bottom:0;margin-left:0px;padding-top:0px;padding-right:0px;padding-bottom:0px;padding-left:0px;font-size:22px\">Bentivoglio Manuel<\/h3>\n<\/div>\n<\/div>\n\n\n\n<div class=\"wp-block-columns alignwide is-layout-flex wp-container-core-columns-is-layout-3 wp-block-columns-is-layout-flex\" style=\"margin-top:var(--wp--preset--spacing--30);margin-bottom:var(--wp--preset--spacing--30)\">\n<div class=\"wp-block-column is-layout-flow wp-container-core-column-is-layout-7 wp-block-column-is-layout-flow\">\n<figure class=\"wp-block-image aligncenter size-full\"><img loading=\"lazy\" decoding=\"async\" width=\"1181\" height=\"1769\" src=\"https:\/\/www.lions-egna-neumarkt.it\/wp-content\/uploads\/2025\/08\/a-DSC_8159-Kopie.jpg\" alt=\"\" class=\"wp-image-431\" srcset=\"https:\/\/www.lions-egna-neumarkt.it\/wp-content\/uploads\/2025\/08\/a-DSC_8159-Kopie.jpg 1181w, https:\/\/www.lions-egna-neumarkt.it\/wp-content\/uploads\/2025\/08\/a-DSC_8159-Kopie-200x300.jpg 200w, https:\/\/www.lions-egna-neumarkt.it\/wp-content\/uploads\/2025\/08\/a-DSC_8159-Kopie-684x1024.jpg 684w, https:\/\/www.lions-egna-neumarkt.it\/wp-content\/uploads\/2025\/08\/a-DSC_8159-Kopie-768x1150.jpg 768w, https:\/\/www.lions-egna-neumarkt.it\/wp-content\/uploads\/2025\/08\/a-DSC_8159-Kopie-1025x1536.jpg 1025w, https:\/\/www.lions-egna-neumarkt.it\/wp-content\/uploads\/2025\/08\/a-DSC_8159-Kopie-8x12.jpg 8w\" sizes=\"(max-width: 1181px) 100vw, 1181px\" \/><\/figure>\n\n\n\n<p class=\"has-text-align-center has-small-font-size\" style=\"font-style:normal;font-weight:600;text-transform:uppercase\">Censore<\/p>\n\n\n\n<h3 class=\"wp-block-heading has-text-align-center\" style=\"margin-top:0;margin-right:0px;margin-bottom:0;margin-left:0px;padding-top:0px;padding-right:0px;padding-bottom:0px;padding-left:0px;font-size:22px\">Steiner Franz<\/h3>\n<\/div>\n\n\n\n<div class=\"wp-block-column is-layout-flow wp-container-core-column-is-layout-8 wp-block-column-is-layout-flow\">\n<figure class=\"wp-block-image aligncenter size-full\"><img loading=\"lazy\" decoding=\"async\" width=\"1219\" height=\"1827\" src=\"https:\/\/www.lions-egna-neumarkt.it\/wp-content\/uploads\/2025\/08\/a-DSC_8287-Kopie.jpg\" alt=\"\" class=\"wp-image-436\" srcset=\"https:\/\/www.lions-egna-neumarkt.it\/wp-content\/uploads\/2025\/08\/a-DSC_8287-Kopie.jpg 1219w, https:\/\/www.lions-egna-neumarkt.it\/wp-content\/uploads\/2025\/08\/a-DSC_8287-Kopie-200x300.jpg 200w, https:\/\/www.lions-egna-neumarkt.it\/wp-content\/uploads\/2025\/08\/a-DSC_8287-Kopie-683x1024.jpg 683w, https:\/\/www.lions-egna-neumarkt.it\/wp-content\/uploads\/2025\/08\/a-DSC_8287-Kopie-768x1151.jpg 768w, https:\/\/www.lions-egna-neumarkt.it\/wp-content\/uploads\/2025\/08\/a-DSC_8287-Kopie-1025x1536.jpg 1025w, https:\/\/www.lions-egna-neumarkt.it\/wp-content\/uploads\/2025\/08\/a-DSC_8287-Kopie-8x12.jpg 8w\" sizes=\"(max-width: 1219px) 100vw, 1219px\" \/><\/figure>\n\n\n\n<p class=\"has-text-align-center has-small-font-size\" style=\"font-style:normal;font-weight:600;text-transform:uppercase\">Presidente Comitato Soci<\/p>\n\n\n\n<h3 class=\"wp-block-heading has-text-align-center\" style=\"margin-top:0;margin-right:0px;margin-bottom:0;margin-left:0px;padding-top:0px;padding-right:0px;padding-bottom:0px;padding-left:0px;font-size:22px\">Vaja Bottaro Johanna<\/h3>\n<\/div>\n\n\n\n<div class=\"wp-block-column is-layout-flow wp-container-core-column-is-layout-9 wp-block-column-is-layout-flow\">\n<figure class=\"wp-block-image aligncenter size-full\"><img loading=\"lazy\" decoding=\"async\" width=\"1124\" height=\"1684\" src=\"https:\/\/www.lions-egna-neumarkt.it\/wp-content\/uploads\/2025\/08\/a-DSC_8389-Kopie.jpg\" alt=\"\" class=\"wp-image-437\" srcset=\"https:\/\/www.lions-egna-neumarkt.it\/wp-content\/uploads\/2025\/08\/a-DSC_8389-Kopie.jpg 1124w, https:\/\/www.lions-egna-neumarkt.it\/wp-content\/uploads\/2025\/08\/a-DSC_8389-Kopie-200x300.jpg 200w, https:\/\/www.lions-egna-neumarkt.it\/wp-content\/uploads\/2025\/08\/a-DSC_8389-Kopie-683x1024.jpg 683w, https:\/\/www.lions-egna-neumarkt.it\/wp-content\/uploads\/2025\/08\/a-DSC_8389-Kopie-768x1151.jpg 768w, https:\/\/www.lions-egna-neumarkt.it\/wp-content\/uploads\/2025\/08\/a-DSC_8389-Kopie-1025x1536.jpg 1025w, https:\/\/www.lions-egna-neumarkt.it\/wp-content\/uploads\/2025\/08\/a-DSC_8389-Kopie-8x12.jpg 8w\" sizes=\"(max-width: 1124px) 100vw, 1124px\" \/><\/figure>\n\n\n\n<p class=\"has-text-align-center has-small-font-size\" style=\"font-style:normal;font-weight:600;text-transform:uppercase\">Presidente Comitato Servizi<\/p>\n\n\n\n<h3 class=\"wp-block-heading has-text-align-center\" style=\"margin-top:0;margin-right:0px;margin-bottom:0;margin-left:0px;padding-top:0px;padding-right:0px;padding-bottom:0px;padding-left:0px;font-size:22px\">Oberhuber Michael<\/h3>\n<\/div>\n<\/div>\n\n\n\n<div class=\"wp-block-columns alignwide is-layout-flex wp-container-core-columns-is-layout-4 wp-block-columns-is-layout-flex\" style=\"margin-top:var(--wp--preset--spacing--30);margin-bottom:var(--wp--preset--spacing--30)\">\n<div class=\"wp-block-column is-layout-flow wp-container-core-column-is-layout-10 wp-block-column-is-layout-flow\">\n<figure class=\"wp-block-image aligncenter size-full\"><img loading=\"lazy\" decoding=\"async\" width=\"1206\" height=\"1807\" src=\"https:\/\/www.lions-egna-neumarkt.it\/wp-content\/uploads\/2025\/08\/a-DSC_8106-Kopie.jpg\" alt=\"\" class=\"wp-image-428\" srcset=\"https:\/\/www.lions-egna-neumarkt.it\/wp-content\/uploads\/2025\/08\/a-DSC_8106-Kopie.jpg 1206w, https:\/\/www.lions-egna-neumarkt.it\/wp-content\/uploads\/2025\/08\/a-DSC_8106-Kopie-200x300.jpg 200w, https:\/\/www.lions-egna-neumarkt.it\/wp-content\/uploads\/2025\/08\/a-DSC_8106-Kopie-683x1024.jpg 683w, https:\/\/www.lions-egna-neumarkt.it\/wp-content\/uploads\/2025\/08\/a-DSC_8106-Kopie-768x1151.jpg 768w, https:\/\/www.lions-egna-neumarkt.it\/wp-content\/uploads\/2025\/08\/a-DSC_8106-Kopie-1025x1536.jpg 1025w, https:\/\/www.lions-egna-neumarkt.it\/wp-content\/uploads\/2025\/08\/a-DSC_8106-Kopie-8x12.jpg 8w\" sizes=\"(max-width: 1206px) 100vw, 1206px\" \/><\/figure>\n\n\n\n<p class=\"has-text-align-center has-small-font-size\" style=\"font-style:normal;font-weight:600;text-transform:uppercase\">Presidente Comitato Marketing<\/p>\n\n\n\n<h3 class=\"wp-block-heading has-text-align-center\" style=\"margin-top:0;margin-right:0px;margin-bottom:0;margin-left:0px;padding-top:0px;padding-right:0px;padding-bottom:0px;padding-left:0px;font-size:22px\">Seppi Daniel<\/h3>\n<\/div>\n\n\n\n<div class=\"wp-block-column is-layout-flow wp-container-core-column-is-layout-11 wp-block-column-is-layout-flow\">\n<figure class=\"wp-block-image aligncenter size-full\"><img loading=\"lazy\" decoding=\"async\" width=\"1106\" height=\"1657\" src=\"https:\/\/www.lions-egna-neumarkt.it\/wp-content\/uploads\/2025\/08\/a-DSC_8240-Kopie.jpg\" alt=\"\" class=\"wp-image-435\" srcset=\"https:\/\/www.lions-egna-neumarkt.it\/wp-content\/uploads\/2025\/08\/a-DSC_8240-Kopie.jpg 1106w, https:\/\/www.lions-egna-neumarkt.it\/wp-content\/uploads\/2025\/08\/a-DSC_8240-Kopie-200x300.jpg 200w, https:\/\/www.lions-egna-neumarkt.it\/wp-content\/uploads\/2025\/08\/a-DSC_8240-Kopie-683x1024.jpg 683w, https:\/\/www.lions-egna-neumarkt.it\/wp-content\/uploads\/2025\/08\/a-DSC_8240-Kopie-768x1151.jpg 768w, https:\/\/www.lions-egna-neumarkt.it\/wp-content\/uploads\/2025\/08\/a-DSC_8240-Kopie-1025x1536.jpg 1025w, https:\/\/www.lions-egna-neumarkt.it\/wp-content\/uploads\/2025\/08\/a-DSC_8240-Kopie-8x12.jpg 8w\" sizes=\"(max-width: 1106px) 100vw, 1106px\" \/><\/figure>\n\n\n\n<p class=\"has-text-align-center has-small-font-size\" style=\"font-style:normal;font-weight:600;text-transform:uppercase\">Revisore dei Conti<\/p>\n\n\n\n<h3 class=\"wp-block-heading has-text-align-center\" style=\"margin-top:0;margin-right:0px;margin-bottom:0;margin-left:0px;padding-top:0px;padding-right:0px;padding-bottom:0px;padding-left:0px;font-size:22px\">Nussbaumer Walter Irma<\/h3>\n<\/div>\n\n\n\n<div class=\"wp-block-column is-layout-flow wp-container-core-column-is-layout-12 wp-block-column-is-layout-flow\">\n<figure class=\"wp-block-image aligncenter size-full\"><img loading=\"lazy\" decoding=\"async\" width=\"1051\" height=\"1574\" src=\"https:\/\/www.lions-egna-neumarkt.it\/wp-content\/uploads\/2025\/08\/a-DSC_8140-Kopie.jpg\" alt=\"\" class=\"wp-image-430\" srcset=\"https:\/\/www.lions-egna-neumarkt.it\/wp-content\/uploads\/2025\/08\/a-DSC_8140-Kopie.jpg 1051w, https:\/\/www.lions-egna-neumarkt.it\/wp-content\/uploads\/2025\/08\/a-DSC_8140-Kopie-200x300.jpg 200w, https:\/\/www.lions-egna-neumarkt.it\/wp-content\/uploads\/2025\/08\/a-DSC_8140-Kopie-684x1024.jpg 684w, https:\/\/www.lions-egna-neumarkt.it\/wp-content\/uploads\/2025\/08\/a-DSC_8140-Kopie-768x1150.jpg 768w, https:\/\/www.lions-egna-neumarkt.it\/wp-content\/uploads\/2025\/08\/a-DSC_8140-Kopie-1026x1536.jpg 1026w, https:\/\/www.lions-egna-neumarkt.it\/wp-content\/uploads\/2025\/08\/a-DSC_8140-Kopie-8x12.jpg 8w\" sizes=\"(max-width: 1051px) 100vw, 1051px\" \/><\/figure>\n\n\n\n<p class=\"has-text-align-center has-small-font-size\" style=\"font-style:normal;font-weight:600;text-transform:uppercase\">Revisore dei Conti<\/p>\n\n\n\n<h3 class=\"wp-block-heading has-text-align-center\" style=\"margin-top:0;margin-right:0px;margin-bottom:0;margin-left:0px;padding-top:0px;padding-right:0px;padding-bottom:0px;padding-left:0px;font-size:22px\">Vaja Georg<\/h3>\n<\/div>\n<\/div>\n<\/div>\n\n\n\n<div class=\"wp-block-group alignfull has-raft-bg-alt-background-color has-background is-layout-constrained wp-container-core-group-is-layout-3 wp-block-group-is-layout-constrained\" style=\"margin-top:0;margin-bottom:0;padding-top:var(--wp--preset--spacing--80);padding-right:var(--wp--preset--spacing--40);padding-bottom:var(--wp--preset--spacing--80);padding-left:var(--wp--preset--spacing--40)\">\n<h2 class=\"wp-block-heading alignwide has-text-align-center has-raft-accent-color has-raft-accent-secondary-background-color has-text-color has-background has-link-color wp-elements-d6636e8a9b9a52f0b2128bb955fefe26\">Membri<\/h2>\n\n\n\n<p style=\"font-size:22px\">Aigner Beatrix<\/p>\n\n\n\n<p style=\"font-size:22px\">Bentivoglio Manuel<\/p>\n\n\n\n<p style=\"font-size:22px\">Carli Tonidandel Erika<\/p>\n\n\n\n<p style=\"font-size:22px\">Cicala Maria Verena<\/p>\n\n\n\n<p style=\"font-size:22px\">Cozza Vincenzo<\/p>\n\n\n\n<p style=\"font-size:22px\">Daldos Peter<\/p>\n\n\n\n<p style=\"font-size:22px\">Delvai Hilber Monika<\/p>\n\n\n\n<p style=\"font-size:22px\">Faustini Michele<\/p>\n\n\n\n<p style=\"font-size:22px\">Foppa Ulrich<\/p>\n\n\n\n<p style=\"font-size:22px\">Gruber Friederike<\/p>\n\n\n\n<p style=\"font-size:22px\">Hofer Andreas<\/p>\n\n\n\n<p style=\"font-size:22px\">Hofer Claudio Mike<\/p>\n\n\n\n<p style=\"font-size:22px\">Janoske Uwe<\/p>\n\n\n\n<p style=\"font-size:22px\">Mayr Norbert<\/p>\n\n\n\n<p style=\"font-size:22px\">Mayr Sabine<\/p>\n\n\n\n<p style=\"font-size:22px\">Negri Josef<\/p>\n\n\n\n<p style=\"font-size:22px\">Nussbaumer Walter Irma<\/p>\n\n\n\n<p style=\"font-size:22px\">Oberhuber Michael<\/p>\n\n\n\n<p style=\"font-size:22px\">Pernter Klothilde<\/p>\n\n\n\n<p style=\"font-size:22px\">Santer Harald<\/p>\n\n\n\n<p style=\"font-size:22px\">Seppi Daniel<\/p>\n\n\n\n<p style=\"font-size:22px\">Steiner Franz<\/p>\n\n\n\n<p style=\"font-size:22px\">Tiefenbrunner Perwanger Christine<\/p>\n\n\n\n<p style=\"font-size:22px\">Tsch\u00f6ll Thomas<\/p>\n\n\n\n<p style=\"font-size:22px\">Vaja Bottaro Johanna<\/p>\n\n\n\n<p style=\"font-size:22px\">Vaja Georg<\/p>\n\n\n\n<p style=\"font-size:22px\">von Fioreschy Hager Gerlinde<\/p>\n\n\n\n<p style=\"font-size:22px\">Volgger Reinhart<\/p>\n<\/div>","protected":false},"excerpt":{"rendered":"<p>Vorstand Pr\u00e4sident Mayr Norbert Vizepr\u00e4sident Tsch\u00f6ll Thomas 2. Vizepr\u00e4sident Cozza Vincenzo Past Pr\u00e4sident \/ CluBMASTER Volgger Reinhart Sekret\u00e4rin Delvai Hilber Monika Schatzmeister Bentivoglio Manuel Zensor Steiner Franz Pr\u00e4sidentin Mitgliederkomitee Vaja Bottaro Johanna Pr\u00e4sident Service Komitee Oberhuber Michael Pr\u00e4sident Marketing Komitee Seppi Daniel Rechnungspr\u00fcfer Nussbaumer Walter Irma Rechnungspr\u00fcfer Vaja Georg Mitglieder Aigner Beatrix Bentivoglio Manuel Carli [&hellip;]<\/p>","protected":false},"author":1,"featured_media":0,"parent":0,"menu_order":0,"comment_status":"closed","ping_status":"closed","template":"template-plain","meta":{"_themeisle_gutenberg_block_has_review":false,"footnotes":""},"class_list":["post-12","page","type-page","status-publish","hentry"],"_links":{"self":[{"href":"https:\/\/www.lions-egna-neumarkt.it\/it\/wp-json\/wp\/v2\/pages\/12"}],"collection":[{"href":"https:\/\/www.lions-egna-neumarkt.it\/it\/wp-json\/wp\/v2\/pages"}],"about":[{"href":"https:\/\/www.lions-egna-neumarkt.it\/it\/wp-json\/wp\/v2\/types\/page"}],"author":[{"embeddable":true,"href":"https:\/\/www.lions-egna-neumarkt.it\/it\/wp-json\/wp\/v2\/users\/1"}],"replies":[{"embeddable":true,"href":"https:\/\/www.lions-egna-neumarkt.it\/it\/wp-json\/wp\/v2\/comments?post=12"}],"version-history":[{"count":29,"href":"https:\/\/www.lions-egna-neumarkt.it\/it\/wp-json\/wp\/v2\/pages\/12\/revisions"}],"predecessor-version":[{"id":462,"href":"https:\/\/www.lions-egna-neumarkt.it\/it\/wp-json\/wp\/v2\/pages\/12\/revisions\/462"}],"wp:attachment":[{"href":"https:\/\/www.lions-egna-neumarkt.it\/it\/wp-json\/wp\/v2\/media?parent=12"}],"curies":[{"name":"wp","href":"https:\/\/api.w.org\/{rel}","templated":true}]}}