{"id":3,"date":"2024-10-23T15:53:34","date_gmt":"2024-10-23T13:53:34","guid":{"rendered":"https:\/\/www.lions-egna-neumarkt.it\/?page_id=3"},"modified":"2025-08-26T22:07:20","modified_gmt":"2025-08-26T20:07:20","slug":"datenschutzerklaerung","status":"publish","type":"page","link":"https:\/\/www.lions-egna-neumarkt.it\/it\/datenschutzerklaerung\/","title":{"rendered":"Datenschutzerkl\u00e4rung"},"content":{"rendered":"<h2 class=\"wp-block-heading\">DATENSCHUTZ<\/h2>\n\n\n\n<p>Verantwortlich f\u00fcr die Verarbeitung Ihrer personenbezogenen Daten ist der Inhaber dieser Website. Unsere rechtsm\u00e4\u00dfigen Gesch\u00e4ftsdaten finden Sie bei den Kontakten.<\/p>\n\n\n\n<p>Wir nehmen den Schutz Ihrer pers\u00f6nenbezogenen Daten sehr ernst. Wir verarbeiten Ihre personenbezogenen Daten entsprechend der gesetzlichen Datenschutzvorschriften sowie dieser Datenschutzerkl\u00e4rung.<\/p>\n\n\n\n<p>Die Nutzung unserer Webseite ist in der Regel ohne Angabe personenbezogener Daten m\u00f6glich. Soweit auf unseren Seiten personenbezogene Daten (beispielsweise Name, Anschrift oder E-Mail-Adressen) erhoben werden, erfolgt dies, soweit m\u00f6glich, stets auf freiwilliger Basis.<\/p>\n\n\n\n<h2 class=\"wp-block-heading\">AUFTRAGSVERARBEITER, EMPF\u00c4NGER<\/h2>\n\n\n\n<p>Wir verarbeiten Ihre personenbezogenen Daten mit der Unterst\u00fctzung von Auftragsverarbeitern, welche uns bei der Bereitstellung der Dienste unterst\u00fctzen (z.B. Webhoster, E-Mail-Newsletter-Versanddienst).<\/p>\n\n\n\n<p>Diese Auftragsverarbeiter sind zum strengen Schutz Ihrer personenbezogenen Daten verpflichtet und d\u00fcrfen Ihre personenbezogenen Daten zu keinem anderen Zweck als zur Bereitstellung unserer Dienste verarbeiten.<\/p>\n\n\n\n<p>Eine Weitergabe Ihrer personenbezogenen Daten erfolgt nur an wirtschaftstypische Dienstleister wie z.B. Banken (im Fall von \u00dcberweisungen an Sie), Steuerberater (falls Sie in unserer Buchhaltung vorkommen), Versanddienstleister (im Fall der Versendung an Sie), etc.<\/p>\n\n\n\n<h2 class=\"wp-block-heading\">SSL- BZW. TLS-VERSCHL\u00dcSSELUNG<\/h2>\n\n\n\n<p>Diese Seite nutzt aus Sicherheitsgr\u00fcnden und zum Schutz der \u00dcbertragung vertraulicher Inhalte, wie zum Beispiel Bestellungen oder Anfragen, die Sie an uns als Seitenbetreiber senden, eine SSL-bzw. TLS-Verschl\u00fcsselung. Eine verschl\u00fcsselte Verbindung erkennen Sie daran, dass die Adresszeile des Browsers von &#8222;http:\/\/&#8220; auf &#8222;https:\/\/&#8220; wechselt und an dem Schloss-Symbol in Ihrer Browserzeile.<\/p>\n\n\n\n<p>Wenn die SSL- bzw. TLS-Verschl\u00fcsselung aktiviert ist, k\u00f6nnen die Daten, die Sie an uns \u00fcbermitteln, nicht von Dritten mitgelesen werden.<\/p>\n\n\n\n<h2 class=\"wp-block-heading\">KONTAKTFORMULAR<\/h2>\n\n\n\n<p>Nach Absenden des Kontaktformulars erfolgt eine Verarbeitung der von Ihnen eingegebenen personenbezogenen Daten durch den datenschutzrechtlich Verantwortlichen zum Zweck der Bearbeitung Ihrer Anfrage auf Grundlage Ihrer durch das Absenden des Formulars erteilten Einwilligung.<\/p>\n\n\n\n<p>Es besteht keine gesetzliche oder vertragliche Verpflichtung zur Bereitstellung der personenbezogenen Daten. Die Nichtbereitstellung hat lediglich zur Folge, dass Sie Ihr Anliegen nicht \u00fcbermitteln und wir dieses nicht bearbeiten k\u00f6nnen.<\/p>\n\n\n\n<p>Sie haben das Recht, Ihre Einwilligung jederzeit durch schriftliche Mitteilung zu widerrufen, ohne dass die Rechtm\u00e4\u00dfigkeit der aufgrund der Einwilligung bis zum Widerruf erfolgten Verarbeitung ber\u00fchrt wird.<\/p>\n\n\n\n<h2 class=\"wp-block-heading\">E-MAIL-NEWSLETTER<\/h2>\n\n\n\n<p>Durch Ankreuzen der Checkbox willigen Sie in die Verarbeitung der von Ihnen eingegebenen personenbezogenen Daten zum Zweck der Information \u00fcber unsere aktuellen Angebote mittels eines E-Mail-Newsletters durch den datenschutzrechtlich Verantwortlichen bis auf Widerruf bzw. Widerspruch ein.<\/p>\n\n\n\n<p>Es besteht keine gesetzliche oder vertragliche Verpflichtung zur Bereitstellung der personenbezogenen Daten. Die Nichteinwilligung hat lediglich zur Folge, dass Sie keinen E-Mail-Newsletter erhalten.<\/p>\n\n\n\n<p>Sie haben das Recht, Ihre Einwilligung jederzeit durch schriftliche Mitteilung oder durch Klick auf den Abmeldelink im E-Mail-Newsletter zu widerrufen, ohne dass die Rechtm\u00e4\u00dfigkeit der aufgrund der Einwilligung bis zum Widerruf erfolgten Verarbeitung ber\u00fchrt wird.<\/p>\n\n\n\n<p>Ebenso k\u00f6nnen Sie der Verwendung Ihrer personenbezogenen Daten zum Zweck der Direktwerbung auf selbe Weise widersprechen. Im Fall des Widerspruchs werden Ihre personenbezogenen Daten nicht mehr zum Zweck der Direktwerbung in Form eines E-Mail-Newsletters verarbeitet.<\/p>\n\n\n\n<h2 class=\"wp-block-heading\">COOKIES<\/h2>\n\n\n\n<p>Diese Website verwendet Cookies.<\/p>\n\n\n\n<p>Cookies machen Websites f\u00fcr den Benutzer benutzerfreundlicher und effizienter. Ein Cookie ist eine kleine Textdatei, die zur Speicherung von Informationen dient. Beim Besuch einer Website kann die Website auf dem Computer des Website-Besuchers ein Cookie platzieren. Besucht der Benutzer die Website sp\u00e4ter wieder, kann die Website die Daten des fr\u00fcher gespeicherten Cookies auslesen und so z.B. feststellen, ob der Benutzer die Website schon fr\u00fcher besucht hat und f\u00fcr welche Bereiche der Website sich der Benutzer besonders interessiert hat.<\/p>\n\n\n\n<p>Mehr Informationen zu Cookies erhalten Sie auf&nbsp;<a href=\"https:\/\/de.wikipedia.org\/wiki\/HTTP-Cookie\">WIKIPEDIA<\/a><\/p>\n\n\n\n<h4 class=\"wp-block-heading\">\u00c4NDERN DER COOKIE-EINSTELLUNGEN<\/h4>\n\n\n\n<p>Wie der Web-Browser mit Cookies umgeht, welche Cookies zugelassen oder abgelehnt werden, kann der Benutzer in den Einstellungen des Web-Browsers festlegen. Wo genau sich diese Einstellungen befinden, h\u00e4ngt vom jeweiligen Web-Browser ab. Detailinformationen dazu k\u00f6nnen \u00fcber die Hilfe-Funktion des jeweiligen Web-Browsers aufgerufen werden.<\/p>\n\n\n\n<p>Wenn die Nutzung von Cookies eingeschr\u00e4nkt wird, sind unter Umst\u00e4nden nicht mehr alle Funktionen dieser Website vollumf\u00e4nglich nutzbar.<\/p>\n\n\n\n<h3 class=\"wp-block-heading\">IHRE RECHTE<\/h3>\n\n\n\n<p>Sie haben das Recht auf Auskunft, Berichtigung, L\u00f6schung und Einschr\u00e4nkung der Verarbeitung der personenbezogenen Daten.<\/p>\n\n\n\n<p>Soweit die Rechtsgrundlage der Verarbeitung Ihrer personenbezogenen Daten in Ihrer Einwilligung oder in einem mit Ihnen abgeschlossenen Vertrag besteht, haben Sie zudem das Recht auf Daten\u00fcbertragbarkeit.<\/p>\n\n\n\n<p>Sie haben das Recht auf Widerruf einer eventuell erteilten Einwilligung zur Verarbeitung Ihrer personenbezogenen Daten. Die Rechtm\u00e4\u00dfigkeit der Verarbeitung der personenbezogenen Daten bis zum Widerruf wird durch den Widerruf nicht ber\u00fchrt.<\/p>\n\n\n\n<p>Sie haben das Recht auf Widerspruch gegen die Verarbeitung Ihrer personenbezogenen Daten zum Zweck der Direktwerbung. Im Fall des Widerspruchs werden Ihre personenbezogenen Daten nicht mehr zum Zwecke der Direktwerbung verarbeitet.<\/p>","protected":false},"excerpt":{"rendered":"<p>DATENSCHUTZ Verantwortlich f\u00fcr die Verarbeitung Ihrer personenbezogenen Daten ist der Inhaber dieser Website. Unsere rechtsm\u00e4\u00dfigen Gesch\u00e4ftsdaten finden Sie bei den Kontakten. Wir nehmen den Schutz Ihrer pers\u00f6nenbezogenen Daten sehr ernst. Wir verarbeiten Ihre personenbezogenen Daten entsprechend der gesetzlichen Datenschutzvorschriften sowie dieser Datenschutzerkl\u00e4rung. Die Nutzung unserer Webseite ist in der Regel ohne Angabe personenbezogener Daten m\u00f6glich. [&hellip;]<\/p>","protected":false},"author":1,"featured_media":0,"parent":0,"menu_order":0,"comment_status":"closed","ping_status":"open","template":"","meta":{"_themeisle_gutenberg_block_has_review":false,"footnotes":""},"class_list":["post-3","page","type-page","status-publish","hentry"],"_links":{"self":[{"href":"https:\/\/www.lions-egna-neumarkt.it\/it\/wp-json\/wp\/v2\/pages\/3"}],"collection":[{"href":"https:\/\/www.lions-egna-neumarkt.it\/it\/wp-json\/wp\/v2\/pages"}],"about":[{"href":"https:\/\/www.lions-egna-neumarkt.it\/it\/wp-json\/wp\/v2\/types\/page"}],"author":[{"embeddable":true,"href":"https:\/\/www.lions-egna-neumarkt.it\/it\/wp-json\/wp\/v2\/users\/1"}],"replies":[{"embeddable":true,"href":"https:\/\/www.lions-egna-neumarkt.it\/it\/wp-json\/wp\/v2\/comments?post=3"}],"version-history":[{"count":1,"href":"https:\/\/www.lions-egna-neumarkt.it\/it\/wp-json\/wp\/v2\/pages\/3\/revisions"}],"predecessor-version":[{"id":449,"href":"https:\/\/www.lions-egna-neumarkt.it\/it\/wp-json\/wp\/v2\/pages\/3\/revisions\/449"}],"wp:attachment":[{"href":"https:\/\/www.lions-egna-neumarkt.it\/it\/wp-json\/wp\/v2\/media?parent=3"}],"curies":[{"name":"wp","href":"https:\/\/api.w.org\/{rel}","templated":true}]}}